{"id":9,"date":"2024-09-11T11:42:05","date_gmt":"2024-09-11T11:42:05","guid":{"rendered":"https:\/\/mindsetkristiansand.no\/?page_id=9"},"modified":"2026-02-06T15:43:09","modified_gmt":"2026-02-06T14:43:09","slug":"om-oss","status":"publish","type":"page","link":"https:\/\/mindsetkristiansand.no\/en\/om-oss\/","title":{"rendered":"About us"},"content":{"rendered":"<p>[et_pb_section fb_built=&raquo;1&#8243; custom_padding_last_edited=&raquo;on|phone&raquo; _builder_version=&raquo;4.27.2&#8243; _module_preset=&raquo;default&raquo; background_enable_color=&raquo;off&raquo; use_background_color_gradient=&raquo;on&raquo; background_color_gradient_stops=&raquo;rgba(0,0,0,0.5) 0%|rgba(0,0,0,0.3) 100%&raquo; background_color_gradient_overlays_image=&raquo;on&raquo; background_image=&raquo;https:\/\/mindsetkristiansand.no\/wp-content\/uploads\/2024\/09\/mindset-about-header.jpg&raquo; background_position=&raquo;top_center&raquo; background_vertical_offset=&raquo;40%&raquo; custom_padding=&raquo;150px||150px||true|false&raquo; custom_padding_tablet=&raquo;90px||90px||true|false&raquo; custom_padding_phone=&raquo;60px||60px||true|false&raquo; border_radii=&raquo;off|||60px|60px&raquo; locked=&raquo;off&raquo; global_colors_info=&raquo;{}&raquo;][et_pb_row _builder_version=&raquo;4.27.0&#8243; _module_preset=&raquo;default&raquo; max_width=&raquo;500px&raquo; global_colors_info=&raquo;{}&raquo;][et_pb_column type=&raquo;4_4&#8243; _builder_version=&raquo;4.27.0&#8243; _module_preset=&raquo;default&raquo; global_colors_info=&raquo;{}&raquo;][et_pb_text _builder_version=&raquo;4.27.2&#8243; _module_preset=&raquo;default&raquo; header_text_color=&raquo;#FFFFFF&raquo; text_orientation=&raquo;center&raquo; background_layout=&raquo;dark&raquo; global_colors_info=&raquo;{}&raquo;]<\/p>\n<h1 class=\"translation-block\">About Mindset <strong>Therapy &amp; Coaching<\/strong><\/h1>\n<p>[\/et_pb_text][\/et_pb_column][\/et_pb_row][\/et_pb_section][et_pb_section fb_built=&raquo;1&#8243; _builder_version=&raquo;4.27.0&#8243; _module_preset=&raquo;default&raquo; global_colors_info=&raquo;{}&raquo;][et_pb_row column_structure=&raquo;1_4,3_4&#8243; module_class=&raquo;flexed&raquo; _builder_version=&raquo;4.27.0&#8243; _module_preset=&raquo;default&raquo; hover_enabled=&raquo;0&#8243; global_colors_info=&raquo;{}&raquo; sticky_enabled=&raquo;0&#8243;][et_pb_column type=&raquo;1_4&#8243; _builder_version=&raquo;4.27.0&#8243; _module_preset=&raquo;default&raquo; global_colors_info=&raquo;{}&raquo;][et_pb_image src=&raquo;https:\/\/mindsetkristiansand.no\/wp-content\/uploads\/2024\/09\/Mindset-Nora-about.jpg&raquo; alt=&raquo;Mindset Nora about&raquo; _builder_version=&raquo;4.27.0&#8243; _module_preset=&raquo;default&raquo; global_colors_info=&raquo;{}&raquo;][\/et_pb_image][\/et_pb_column][et_pb_column type=&raquo;3_4&#8243; _builder_version=&raquo;4.27.0&#8243; _module_preset=&raquo;default&raquo; global_colors_info=&raquo;{}&raquo;][et_pb_text _builder_version=&raquo;4.27.4&#8243; _module_preset=&raquo;default&raquo; hover_enabled=&raquo;0&#8243; global_colors_info=&raquo;{}&raquo; sticky_enabled=&raquo;0&#8243;]<\/p>\n<h2>About Nora<\/h2>\n<p>I am a trained life and business coach with a passion for helping people navigate life\u2019s challenges and achieve their fullest potential. Originally from Ireland, I have spent over 20 years living in Norway, with previous periods of time in Italy and France. Adapting to new cultures and learning new languages has been a large part of my life. My journey into coaching began during my Master`s degree in leadership, where I rediscovered my true calling. I have always had a passion for human behaviour and for exploring why we are the way we are. Ongoing mindfulness education also inspires my coaching practice. I have had the privilege of coaching people in Norway, Ireland, the UK, Germany and Vietnam.<\/p>\n<p>With over 25 years of professional experience, including 15 years of leading dynamic project teams, I have focused on change processes, organizational development, and team leadership. My experience spans various sectors, including education, telecommunications, healthcare, the volunteer sector (crisis line support), and my work with the Norwegian Police University College.<\/p>\n<p>My coaching education, accredited by the International Coaching Federation, is ongoing, and I am also a certified Neuro-linguistic Programming Practitioner. Currently, I am specializing in mental health and wellness, offering personalized coaching in both English and Norwegian.<\/p>\n<p>Du finner meg her fra Januar 2026 <a href=\"https:\/\/noraclarke.no\/\" target=\"_blank\" rel=\"noopener\">Nora Clarke Coaching<\/a><\/p>\n<p>&nbsp;<\/p>\n<p>[\/et_pb_text][\/et_pb_column][\/et_pb_row][\/et_pb_section][et_pb_section fb_built=&raquo;1&#8243; _builder_version=&raquo;4.27.2&#8243; _module_preset=&raquo;default&raquo; background_color=&raquo;rgba(55,94,102,0.06)&raquo; custom_padding=&raquo;||120px||false|false&raquo; global_colors_info=&raquo;{}&raquo;][et_pb_row column_structure=&raquo;1_4,3_4&#8243; module_class=&raquo;flexed&raquo; _builder_version=&raquo;4.27.0&#8243; _module_preset=&raquo;default&raquo; global_colors_info=&raquo;{}&raquo;][et_pb_column type=&raquo;1_4&#8243; _builder_version=&raquo;4.27.0&#8243; _module_preset=&raquo;default&raquo; global_colors_info=&raquo;{}&raquo;][et_pb_image src=&raquo;https:\/\/mindsetkristiansand.no\/wp-content\/uploads\/2025\/03\/Lise.jpg&raquo; alt=&raquo;Mindset Lise about&raquo; title_text=&raquo;Lise&raquo; _builder_version=&raquo;4.27.4&#8243; _module_preset=&raquo;default&raquo; global_colors_info=&raquo;{}&raquo;][\/et_pb_image][\/et_pb_column][et_pb_column type=&raquo;3_4&#8243; _builder_version=&raquo;4.27.0&#8243; _module_preset=&raquo;default&raquo; global_colors_info=&raquo;{}&raquo;][et_pb_text _builder_version=&raquo;4.27.4&#8243; _module_preset=&raquo;default&raquo; global_colors_info=&raquo;{}&raquo;]<\/p>\n<h2>About Lise<\/h2>\n<p>[\/et_pb_text][et_pb_text _builder_version=&raquo;4.27.4&#8243; _module_preset=&raquo;default&raquo; global_colors_info=&raquo;{}&raquo;]<\/p>\n<p>My conversation therapy is a low-threshold offer for anyone who needs someone to talk to. I am a certified psychotherapist, cognitive behavioral therapist and couples therapist. As of April 2025 I am a certified Ikigai Life Coach and will offer Ikigai Coaching. - the only one in Kristiansand for now. I have an open and non-judgmental approach to life. I offer empathetic support and help to cope with difficult periods in life, problems with relationships, clarify existential questions or with personal development.<\/p>\n<p>I have a bachelor degree in pedagogy, I am a qualified English teacher and a practicing yoga and Pilates teacher. I am originally from Aarhus and have lived in both London and Hong Kong as a young person. I love to travel and experience other cultures and ways of life. I offer conversation and coaching in Norwegian and English.<\/p>\n<p>[\/et_pb_text][\/et_pb_column][\/et_pb_row][\/et_pb_section][et_pb_section fb_built=&raquo;1&#8243; custom_padding_last_edited=&raquo;off|tablet&raquo; module_class=&raquo;flexed-mobile&raquo; _builder_version=&raquo;4.27.0&#8243; _module_preset=&raquo;default&raquo; background_color=&raquo;#0E394A&raquo; custom_margin=&raquo;-40px||||false|false&raquo; custom_padding=&raquo;||140px||false|false&raquo; custom_padding_tablet=&raquo;100px||100px||true|false&raquo; custom_padding_phone=&raquo;60px||60px||true|false&raquo; border_radii=&raquo;off|60px|60px||&raquo; locked=&raquo;off&raquo; global_colors_info=&raquo;{}&raquo;][et_pb_row _builder_version=&raquo;4.27.0&#8243; _module_preset=&raquo;default&raquo; max_width=&raquo;1000px&raquo; global_colors_info=&raquo;{}&raquo;][et_pb_column type=&raquo;4_4&#8243; _builder_version=&raquo;4.27.0&#8243; _module_preset=&raquo;default&raquo; global_colors_info=&raquo;{}&raquo;][et_pb_text _builder_version=&raquo;4.27.2&#8243; _module_preset=&raquo;default&raquo; text_orientation=&raquo;center&raquo; background_layout=&raquo;dark&raquo; global_colors_info=&raquo;{}&raquo;]<\/p>\n<h2>In the universe there are things that are known and things that are unknown, and in between are doors<\/h2>\n<p><em><strong>William Blake<\/strong><\/em><\/p>\n<p>[\/et_pb_text][\/et_pb_column][\/et_pb_row][\/et_pb_section][et_pb_section fb_built=&raquo;1&#8243; _builder_version=&raquo;4.27.0&#8243; _module_preset=&raquo;default&raquo; custom_margin=&raquo;-80px||||false|false&raquo; border_radii=&raquo;off|60px|60px||&raquo; global_colors_info=&raquo;{}&raquo;][et_pb_row _builder_version=&raquo;4.27.0&#8243; _module_preset=&raquo;default&raquo; max_width=&raquo;1000px&raquo; global_colors_info=&raquo;{}&raquo;][et_pb_column type=&raquo;4_4&#8243; _builder_version=&raquo;4.27.0&#8243; _module_preset=&raquo;default&raquo; global_colors_info=&raquo;{}&raquo;][et_pb_text _builder_version=&raquo;4.27.2&#8243; _module_preset=&raquo;default&raquo; text_orientation=&raquo;center&raquo; global_colors_info=&raquo;{}&raquo;]<\/p>\n<h2>Coaching and therapy help to find those doors, open them and walk through them to a better future.<\/h2>\n<p>[\/et_pb_text][et_pb_button button_url=&raquo;@ET-DC@eyJkeW5hbWljIjp0cnVlLCJjb250ZW50IjoicG9zdF9saW5rX3VybF9wYWdlIiwic2V0dGluZ3MiOnsicG9zdF9pZCI6IjEzIn19@&raquo; button_text=&raquo;Ta kontakt&raquo; button_alignment=&raquo;center&raquo; _builder_version=&raquo;4.27.2&#8243; _dynamic_attributes=&raquo;button_url&raquo; _module_preset=&raquo;default&raquo; custom_padding=&raquo;10px|25px|10px|25px|true|true&raquo; global_colors_info=&raquo;{}&raquo;][\/et_pb_button][\/et_pb_column][\/et_pb_row][\/et_pb_section]<\/p>","protected":false},"excerpt":{"rendered":"<p>Om Mindset terapi &amp; coachingOm Nora Jeg er utdannet personlig og profesjonell coach med en lidenskap for \u00e5 hjelpe mennesker med \u00e5 navigere livets utfordringer og oppn\u00e5 sitt fulle potensial. Opprinnelig fra Irland har jeg bodd over 20 \u00e5r i Norge, og jeg har tidligere bodd i Italia og Frankrike. \u00c5 tilpasse meg nye kulturer [&hellip;]<\/p>","protected":false},"author":1,"featured_media":0,"parent":0,"menu_order":0,"comment_status":"closed","ping_status":"closed","template":"","meta":{"_et_pb_use_builder":"on","_et_pb_old_content":"","_et_gb_content_width":"","footnotes":""},"class_list":["post-9","page","type-page","status-publish","hentry"],"_links":{"self":[{"href":"https:\/\/mindsetkristiansand.no\/en\/wp-json\/wp\/v2\/pages\/9","targetHints":{"allow":["GET"]}}],"collection":[{"href":"https:\/\/mindsetkristiansand.no\/en\/wp-json\/wp\/v2\/pages"}],"about":[{"href":"https:\/\/mindsetkristiansand.no\/en\/wp-json\/wp\/v2\/types\/page"}],"author":[{"embeddable":true,"href":"https:\/\/mindsetkristiansand.no\/en\/wp-json\/wp\/v2\/users\/1"}],"replies":[{"embeddable":true,"href":"https:\/\/mindsetkristiansand.no\/en\/wp-json\/wp\/v2\/comments?post=9"}],"version-history":[{"count":27,"href":"https:\/\/mindsetkristiansand.no\/en\/wp-json\/wp\/v2\/pages\/9\/revisions"}],"predecessor-version":[{"id":524,"href":"https:\/\/mindsetkristiansand.no\/en\/wp-json\/wp\/v2\/pages\/9\/revisions\/524"}],"wp:attachment":[{"href":"https:\/\/mindsetkristiansand.no\/en\/wp-json\/wp\/v2\/media?parent=9"}],"curies":[{"name":"wp","href":"https:\/\/api.w.org\/{rel}","templated":true}]}}