{"id":170,"date":"2024-10-14T13:06:09","date_gmt":"2024-10-14T13:06:09","guid":{"rendered":"https:\/\/mindsetkristiansand.no\/?page_id=170"},"modified":"2025-03-28T14:34:15","modified_gmt":"2025-03-28T13:34:15","slug":"therapy","status":"publish","type":"page","link":"https:\/\/mindsetkristiansand.no\/en\/therapy\/","title":{"rendered":"Therapy"},"content":{"rendered":"<p>[et_pb_section fb_built=&raquo;1&#8243; custom_padding_last_edited=&raquo;on|phone&raquo; _builder_version=&raquo;4.27.4&#8243; _module_preset=&raquo;default&raquo; background_enable_color=&raquo;off&raquo; use_background_color_gradient=&raquo;on&raquo; background_color_gradient_stops=&raquo;rgba(0,0,0,0.5) 0%|rgba(0,0,0,0.3) 100%&raquo; background_color_gradient_overlays_image=&raquo;on&raquo; background_image=&raquo;https:\/\/mindsetkristiansand.no\/wp-content\/uploads\/2025\/03\/Samtaleterapi-og-parterapi.jpg&raquo; custom_padding=&raquo;130px||130px||true|false&raquo; custom_padding_tablet=&raquo;90px||90px||true|false&raquo; custom_padding_phone=&raquo;60px||60px||true|false&raquo; border_radii=&raquo;off|||60px|60px&raquo; locked=&raquo;off&raquo; global_colors_info=&raquo;{}&raquo;][et_pb_row _builder_version=&raquo;4.27.4&#8243; _module_preset=&raquo;default&raquo; global_colors_info=&raquo;{}&raquo;][et_pb_column type=&raquo;4_4&#8243; _builder_version=&raquo;4.27.0&#8243; _module_preset=&raquo;default&raquo; global_colors_info=&raquo;{}&raquo;][et_pb_text _builder_version=&raquo;4.27.4&#8243; _module_preset=&raquo;default&raquo; header_text_color=&raquo;#FFFFFF&raquo; text_orientation=&raquo;center&raquo; background_layout=&raquo;dark&raquo; global_colors_info=&raquo;{}&raquo;]<\/p>\n<h1>Psychotherapy and Couples Counseling<\/h1>\n<h3>A Path to a Better Life<\/h3>\n<p>[\/et_pb_text][\/et_pb_column][\/et_pb_row][\/et_pb_section][et_pb_section fb_built=&raquo;1&#8243; _builder_version=&raquo;4.27.0&#8243; _module_preset=&raquo;default&raquo; custom_padding=&raquo;||3px|||&raquo; global_colors_info=&raquo;{}&raquo;][et_pb_row _builder_version=&raquo;4.27.0&#8243; _module_preset=&raquo;default&raquo; max_width=&raquo;1000px&raquo; global_colors_info=&raquo;{}&raquo;][et_pb_column type=&raquo;4_4&#8243; _builder_version=&raquo;4.27.0&#8243; _module_preset=&raquo;default&raquo; global_colors_info=&raquo;{}&raquo;][et_pb_text _builder_version=&raquo;4.27.4&#8243; _module_preset=&raquo;default&raquo; text_orientation=&raquo;center&raquo; global_colors_info=&raquo;{}&raquo;]<\/p>\n<h2>What is psychotherapy and couples counseling?<\/h2>\n<p>[\/et_pb_text][et_pb_text _builder_version=&raquo;4.27.4&#8243; _module_preset=&raquo;default&raquo; text_orientation=&raquo;center&raquo; global_colors_info=&raquo;{}&raquo;]<\/p>\n<p>Do you feel stuck in life? Are you struggling with stress, hopelessness, or overwhelming emotions? Do you and your partner face communication issues, conflicts, or trust problems?<\/p>\n<p>If so, psychotherapy or couples counseling can be an important step toward a healthier and more fulfilling life.\u00a0<\/p>\n<p>I\u2019m Lise, a psychotherapist and couples counselor in Kristiansand, with experience in helping individuals and couples find balance, understanding, and solutions to life\u2019s challenges.<\/p>\n<p>Together, we can work on building self-confidence, managing lift crisis, and processing difficult emotions. For couples, I provide tools to improve communication, resolve conflicts, and strengthen relationships.<\/p>\n<p>[\/et_pb_text][et_pb_button button_url=&raquo;#aboutmenora&raquo; button_text=&raquo;Om meg&raquo; button_alignment=&raquo;center&raquo; _builder_version=&raquo;4.27.4&#8243; _module_preset=&raquo;default&raquo; custom_button=&raquo;on&raquo; button_text_size=&raquo;20px&raquo; button_text_color=&raquo;#FFFFFF&raquo; button_bg_color=&raquo;#073040&#8243; custom_padding=&raquo;10px|25px|10px|25px|true|true&raquo; global_colors_info=&raquo;{}&raquo;][\/et_pb_button][\/et_pb_column][\/et_pb_row][\/et_pb_section][et_pb_section fb_built=&raquo;1&#8243; _builder_version=&raquo;4.27.4&#8243; _module_preset=&raquo;default&raquo; background_color=&raquo;RGBA(255,255,255,0)&raquo; width=&raquo;90%&raquo; module_alignment=&raquo;center&raquo; custom_padding=&raquo;40px|||||&raquo; border_radii=&raquo;on|20px|20px|20px|20px&raquo; locked=&raquo;off&raquo; global_colors_info=&raquo;{}&raquo;][et_pb_row module_class=&raquo;flexed&raquo; _builder_version=&raquo;4.27.4&#8243; _module_preset=&raquo;default&raquo; background_color=&raquo;RGBA(255,255,255,0)&raquo; width=&raquo;100%&raquo; module_alignment=&raquo;center&raquo; custom_margin=&raquo;0px|0px|0px|0px|true|true&raquo; custom_padding=&raquo;0px|0px|0px|0px|true|true&raquo; global_colors_info=&raquo;{}&raquo;][et_pb_column type=&raquo;4_4&#8243; _builder_version=&raquo;4.27.4&#8243; _module_preset=&raquo;default&raquo; background_color=&raquo;RGBA(255,255,255,0)&raquo; custom_padding=&raquo;40px|40px|40px|40px|true|true&raquo; global_colors_info=&raquo;{}&raquo;][et_pb_text _builder_version=&raquo;4.27.4&#8243; _module_preset=&raquo;default&raquo; text_orientation=&raquo;center&raquo; global_colors_info=&raquo;{}&raquo;]<\/p>\n<h2>Services<\/h2>\n<p>[\/et_pb_text][\/et_pb_column][\/et_pb_row][et_pb_row column_structure=&raquo;1_2,1_2&#8243; module_class=&raquo;flexed&raquo; _builder_version=&raquo;4.27.4&#8243; _module_preset=&raquo;default&raquo; width=&raquo;100%&raquo; module_alignment=&raquo;center&raquo; custom_margin=&raquo;0px|0px|0px|0px|true|true&raquo; custom_padding=&raquo;0px|0px|0px|0px|true|true&raquo; global_colors_info=&raquo;{}&raquo;][et_pb_column type=&raquo;1_2&#8243; _builder_version=&raquo;4.27.4&#8243; _module_preset=&raquo;default&raquo; background_color=&raquo;#073040&#8243; custom_padding=&raquo;40px|40px|40px|40px|true|true&raquo; border_radii=&raquo;on|20px|20px|20px|20px&raquo; global_colors_info=&raquo;{}&raquo;][et_pb_text _builder_version=&raquo;4.27.4&#8243; _module_preset=&raquo;default&raquo; text_text_color=&raquo;#FFFFFF&raquo; header_text_color=&raquo;#FFFFFF&raquo; header_2_text_color=&raquo;#FFFFFF&raquo; header_2_font_size=&raquo;35px&raquo; text_orientation=&raquo;center&raquo; global_colors_info=&raquo;{}&raquo;]<\/p>\n<h2 style=\"text-align: left;\">Psychotherapy<\/h2>\n<p>[\/et_pb_text][et_pb_text _builder_version=&raquo;4.27.4&#8243; _module_preset=&raquo;default&raquo; text_text_color=&raquo;#FFFFFF&raquo; text_font_size=&raquo;20px&raquo; header_text_color=&raquo;#FFFFFF&raquo; header_2_text_color=&raquo;#FFFFFF&raquo; header_2_font_size=&raquo;35px&raquo; global_colors_info=&raquo;{}&raquo;]<\/p>\n<p><strong>Psychotheraphy is for you if you:<\/strong><\/p>\n<p><strong><\/strong><\/p>\n<ul>\n<li>Need a safe space to talk and be heard<\/li>\n<li>Struggle with stress, anxiety, or depression<\/li>\n<li>Feel stuck and lack direction in life\u00a0<\/li>\n<li>Want to process emotions and improve self-esteem<\/li>\n<\/ul>\n<p>[\/et_pb_text][\/et_pb_column][et_pb_column type=&raquo;1_2&#8243; _builder_version=&raquo;4.27.4&#8243; _module_preset=&raquo;default&raquo; background_color=&raquo;#073040&#8243; custom_padding=&raquo;40px|40px|40px|40px|true|true&raquo; border_radii=&raquo;on|20px|20px|20px|20px&raquo; global_colors_info=&raquo;{}&raquo;][et_pb_text _builder_version=&raquo;4.27.4&#8243; _module_preset=&raquo;default&raquo; text_text_color=&raquo;#FFFFFF&raquo; header_text_color=&raquo;#FFFFFF&raquo; header_2_text_color=&raquo;#FFFFFF&raquo; header_2_font_size=&raquo;35px&raquo; text_orientation=&raquo;center&raquo; global_colors_info=&raquo;{}&raquo;]<\/p>\n<h2 style=\"text-align: left;\">Couples counseling<\/h2>\n<p>[\/et_pb_text][et_pb_text _builder_version=&raquo;4.27.4&#8243; _module_preset=&raquo;default&raquo; text_text_color=&raquo;#FFFFFF&raquo; text_font_size=&raquo;20px&raquo; header_text_color=&raquo;#FFFFFF&raquo; header_2_text_color=&raquo;#FFFFFF&raquo; header_2_font_size=&raquo;35px&raquo; global_colors_info=&raquo;{}&raquo;]<\/p>\n<p><strong>Couples counseling is for you if you:<\/strong><\/p>\n<p><strong><\/strong><\/p>\n<ul>\n<li>Have communication issues in your relationship<\/li>\n<li>Want to prevent or resolve relationships challenges<\/li>\n<li>Have experienced infidelity or broken trust<\/li>\n<li>Want to strengthen your bond and better understand each other<\/li>\n<\/ul>\n<p>[\/et_pb_text][\/et_pb_column][\/et_pb_row][\/et_pb_section][et_pb_section fb_built=&raquo;1&#8243; _builder_version=&raquo;4.27.4&#8243; _module_preset=&raquo;default&raquo; background_color=&raquo;rgba(55,94,102,0.06)&raquo; width=&raquo;90%&raquo; module_alignment=&raquo;center&raquo; custom_margin=&raquo;||40px|||&raquo; border_radii=&raquo;on|20px|20px|20px|20px&raquo; locked=&raquo;off&raquo; global_colors_info=&raquo;{}&raquo;][et_pb_row column_structure=&raquo;1_2,1_2&#8243; module_class=&raquo;flexed&raquo; _builder_version=&raquo;4.27.4&#8243; _module_preset=&raquo;default&raquo; width=&raquo;90%&raquo; module_alignment=&raquo;center&raquo; custom_margin=&raquo;0px|0px|0px|0px|false|false&raquo; custom_padding=&raquo;0px|0px|0px|0px|false|false&raquo; global_colors_info=&raquo;{}&raquo;][et_pb_column type=&raquo;1_2&#8243; _builder_version=&raquo;4.27.0&#8243; _module_preset=&raquo;default&raquo; global_colors_info=&raquo;{}&raquo;][et_pb_heading title=&raquo;Terapi i Kristiansand eller online&raquo; _builder_version=&raquo;4.27.4&#8243; _module_preset=&raquo;default&raquo; title_level=&raquo;h3&#8243; title_text_align=&raquo;left&raquo; title_font_size=&raquo;40px&raquo; min_height=&raquo;42px&raquo; global_colors_info=&raquo;{}&raquo;][\/et_pb_heading][et_pb_text _builder_version=&raquo;4.27.4&#8243; _module_preset=&raquo;default&raquo; header_4_text_align=&raquo;left&raquo; custom_padding=&raquo;||0px|||&raquo; global_colors_info=&raquo;{}&raquo;]<\/p>\n<h4>Support when you need it<\/h4>\n<p>[\/et_pb_text][et_pb_text _builder_version=&raquo;4.27.4&#8243; _module_preset=&raquo;default&raquo; global_colors_info=&raquo;{}&raquo;]<\/p>\n<p>I offer therapy for anyone looking to improve their wellbeing or relationship.<\/p>\n<p>No matter where you are in life, there is a way forward. Contact me for a consultation- you deserve to feel good.<\/p>\n<p>[\/et_pb_text][et_pb_button button_url=&raquo;https:\/\/mindsetkristiansand.no\/kontakt-oss\/&raquo; button_text=&raquo;Avtal time&raquo; button_alignment=&raquo;left&raquo; _builder_version=&raquo;4.27.4&#8243; _module_preset=&raquo;default&raquo; custom_button=&raquo;on&raquo; button_text_size=&raquo;20px&raquo; button_text_color=&raquo;#FFFFFF&raquo; button_bg_color=&raquo;#073040&#8243; custom_padding=&raquo;10px|25px|10px|25px|true|true&raquo; global_colors_info=&raquo;{}&raquo;][\/et_pb_button][\/et_pb_column][et_pb_column type=&raquo;1_2&#8243; _builder_version=&raquo;4.27.0&#8243; _module_preset=&raquo;default&raquo; global_colors_info=&raquo;{}&raquo;][et_pb_image src=&raquo;https:\/\/mindsetkristiansand.no\/wp-content\/uploads\/2024\/10\/Who-does-coaching-help.jpg&raquo; alt=&raquo;Who does coaching help&raquo; _builder_version=&raquo;4.27.4&#8243; _module_preset=&raquo;default&raquo; border_radii=&raquo;on|20px|20px|20px|20px&raquo; global_colors_info=&raquo;{}&raquo;][\/et_pb_image][\/et_pb_column][\/et_pb_row][\/et_pb_section][et_pb_section fb_built=&raquo;1&#8243; _builder_version=&raquo;4.27.4&#8243; _module_preset=&raquo;default&raquo; background_color=&raquo;rgba(55,94,102,0.06)&raquo; width=&raquo;90%&raquo; module_alignment=&raquo;center&raquo; custom_margin=&raquo;||40px|||&raquo; border_radii=&raquo;on|20px|20px|20px|20px&raquo; locked=&raquo;off&raquo; global_colors_info=&raquo;{}&raquo;][et_pb_row column_structure=&raquo;1_2,1_2&#8243; module_class=&raquo;flexed&raquo; _builder_version=&raquo;4.27.4&#8243; _module_preset=&raquo;default&raquo; width=&raquo;90%&raquo; module_alignment=&raquo;center&raquo; custom_margin=&raquo;0px|0px|0px|0px|false|false&raquo; custom_padding=&raquo;0px|0px|0px|0px|false|false&raquo; global_colors_info=&raquo;{}&raquo;][et_pb_column type=&raquo;1_2&#8243; _builder_version=&raquo;4.27.0&#8243; _module_preset=&raquo;default&raquo; global_colors_info=&raquo;{}&raquo;][et_pb_heading title=&raquo;Finn din retning med Ikigai Coaching&raquo; _builder_version=&raquo;4.27.4&#8243; _module_preset=&raquo;default&raquo; title_level=&raquo;h3&#8243; title_text_align=&raquo;left&raquo; title_font_size=&raquo;40px&raquo; min_height=&raquo;42px&raquo; global_colors_info=&raquo;{}&raquo;][\/et_pb_heading][et_pb_text _builder_version=&raquo;4.27.4&#8243; _module_preset=&raquo;default&raquo; global_colors_info=&raquo;{}&raquo;]<\/p>\n<p>What makes your life worth living? What motivates you every day? Ikigai is a Japanese expression meaning \u201cThe reason for being \u201c.<\/p>\n<p>It has to do with finding the balance between what you love, what you are good at, what the world needs, and what you can get paid for.\u00a0\n\nAs a certified Ikigai Life Coach ( as of April 2025), I can help you explore your values, passions and strengths, in order for you to live a life of meaning and direction. Through sessions og reflection exercises we will \u00a0find out what really motivates you, and how you can make your life \u00a0giving and authentic.<\/p>\n<p><strong>Ikigai Life Coaching Is For You If You:<\/strong><\/p>\n<ul>\n<li>Feel stuck in the daily life and what more clarity<\/li>\n<li>Are looking to find meaning in your work, or in life in general<\/li>\n<li>Wish to live more in sync with your values<\/li>\n<li>Want to find a better balance between work, family and general well-being<\/li>\n<\/ul>\n<p>No matter where you are in your life, you can find your Ikigai- your unique path to joy and purpose. Contact me for a session, and let\u2019s start the journey together!<\/p>\n<p>[\/et_pb_text][et_pb_button button_url=&raquo;https:\/\/mindsetkristiansand.no\/kontakt-oss\/&raquo; button_text=&raquo;Avtal time&raquo; button_alignment=&raquo;left&raquo; _builder_version=&raquo;4.27.4&#8243; _module_preset=&raquo;default&raquo; custom_button=&raquo;on&raquo; button_text_size=&raquo;20px&raquo; button_text_color=&raquo;#FFFFFF&raquo; button_bg_color=&raquo;#073040&#8243; custom_padding=&raquo;10px|25px|10px|25px|true|true&raquo; global_colors_info=&raquo;{}&raquo;][\/et_pb_button][\/et_pb_column][et_pb_column type=&raquo;1_2&#8243; _builder_version=&raquo;4.27.0&#8243; _module_preset=&raquo;default&raquo; global_colors_info=&raquo;{}&raquo;][et_pb_image src=&raquo;https:\/\/mindsetkristiansand.no\/wp-content\/uploads\/2025\/03\/Ikigai-Coaching.jpg&raquo; alt=&raquo;Ikigai-Coaching&raquo; title_text=&raquo;Ikigai-Coaching&raquo; _builder_version=&raquo;4.27.4&#8243; _module_preset=&raquo;default&raquo; border_radii=&raquo;on|20px|20px|20px|20px&raquo; global_colors_info=&raquo;{}&raquo;][\/et_pb_image][\/et_pb_column][\/et_pb_row][\/et_pb_section][et_pb_section fb_built=&raquo;1&#8243; _builder_version=&raquo;4.27.0&#8243; _module_preset=&raquo;default&raquo; custom_padding=&raquo;||3px|||&raquo; global_colors_info=&raquo;{}&raquo;][et_pb_row _builder_version=&raquo;4.27.0&#8243; _module_preset=&raquo;default&raquo; max_width=&raquo;1000px&raquo; global_colors_info=&raquo;{}&raquo;][et_pb_column type=&raquo;4_4&#8243; _builder_version=&raquo;4.27.0&#8243; _module_preset=&raquo;default&raquo; global_colors_info=&raquo;{}&raquo;][et_pb_text _builder_version=&raquo;4.27.4&#8243; _module_preset=&raquo;default&raquo; text_orientation=&raquo;center&raquo; global_colors_info=&raquo;{}&raquo;]<\/p>\n<h3>Recommendation from a Satisfied Client<\/h3>\n<p>[\/et_pb_text][et_pb_text _builder_version=&raquo;4.27.4&#8243; _module_preset=&raquo;default&raquo; text_orientation=&raquo;center&raquo; global_colors_info=&raquo;{}&raquo;]<\/p>\n<p>I've been in therapy with Lise for six months, and it has truly changed my life. When I started, I felt stuck and overwhelmed, but through our conversations, I've gained new perspectives and practical tools to handle my chaIlenges.<br \/>mine utfordringer.<\/p>\n<p>Lise creates a safe and supportive space,\nasking the right questions to help me see\nthings differently. I now make better\nchoices for myself and feel much more in\ncontrol. Therapy with Lise has been\ninvaluable, and I highly recommend her to\nanyone considering it!<\/p>\n<p><em>Markus, 35 years old<\/em><\/p>\n<p>&nbsp;<\/p>\n<p>[\/et_pb_text][\/et_pb_column][\/et_pb_row][\/et_pb_section][et_pb_section fb_built=&raquo;1&#8243; module_id=&raquo;aboutmenora&raquo; module_class=&raquo;aboutmenora&raquo; _builder_version=&raquo;4.27.4&#8243; _module_preset=&raquo;default&raquo; background_color=&raquo;#073040&#8243; width=&raquo;90%&raquo; module_alignment=&raquo;center&raquo; custom_margin=&raquo;||60px||false|false&raquo; custom_padding=&raquo;||||false|false&raquo; border_radii=&raquo;on|20px|20px|20px|20px&raquo; locked=&raquo;off&raquo; global_colors_info=&raquo;{}&raquo;][et_pb_row column_structure=&raquo;1_2,1_2&#8243; module_class=&raquo;flexed&raquo; _builder_version=&raquo;4.27.4&#8243; _module_preset=&raquo;default&raquo; width=&raquo;90%&raquo; global_colors_info=&raquo;{}&raquo;][et_pb_column type=&raquo;1_2&#8243; _builder_version=&raquo;4.27.0&#8243; _module_preset=&raquo;default&raquo; global_colors_info=&raquo;{}&raquo;][et_pb_heading title=&raquo;Om Lise&raquo; _builder_version=&raquo;4.27.4&#8243; _module_preset=&raquo;default&raquo; title_level=&raquo;h3&#8243; title_text_align=&raquo;left&raquo; title_text_color=&raquo;#FFFFFF&raquo; title_font_size=&raquo;40px&raquo; min_height=&raquo;42px&raquo; global_colors_info=&raquo;{}&raquo;][\/et_pb_heading][et_pb_text _builder_version=&raquo;4.27.4&#8243; _module_preset=&raquo;default&raquo; text_text_color=&raquo;#FFFFFF&raquo; hover_enabled=&raquo;0&#8243; global_colors_info=&raquo;{}&raquo; sticky_enabled=&raquo;0&#8243;]<\/p>\n<p>My conversation therapy is a low-threshold offer for anyone who needs someone to talk to. I am a certified psychotherapist, cognitive behavioral therapist and couples therapist. As of April 2025 I am a certified Ikigai Life Coach and will offer Ikigai Coaching. - the only one in Kristiansand for now. I have an open and non-judgmental approach to life. I offer empathetic support and help to cope with difficult periods in life, problems with relationships, clarify existential questions or with personal development.<\/p>\n<p>I have a bachelor degree in pedagogy, I am a qualified English teacher and a practicing yoga and Pilates teacher. I am originally from Aarhus and have lived in both London and Hong Kong as a young person. I love to travel and experience other cultures and ways of life. I offer conversation and coaching in Norwegian and English.<\/p>\n<p>[\/et_pb_text][\/et_pb_column][et_pb_column type=&raquo;1_2&#8243; _builder_version=&raquo;4.27.0&#8243; _module_preset=&raquo;default&raquo; global_colors_info=&raquo;{}&raquo;][et_pb_image src=&raquo;https:\/\/mindsetkristiansand.no\/wp-content\/uploads\/2025\/03\/Lise.jpg&raquo; alt=&raquo;Mindset Nora about&raquo; align=&raquo;center&raquo; _builder_version=&raquo;4.27.4&#8243; _module_preset=&raquo;default&raquo; hover_enabled=&raquo;0&#8243; border_radii=&raquo;on|20px|20px|20px|20px&raquo; global_colors_info=&raquo;{}&raquo; title_text=&raquo;Lise&raquo; sticky_enabled=&raquo;0&#8243;][\/et_pb_image][\/et_pb_column][\/et_pb_row][\/et_pb_section]<\/p>","protected":false},"excerpt":{"rendered":"<p>Samtaleterapi og parterapi Veien til bedre livskvalitetHva er samtaleterapi og parterapi?F\u00f8ler du deg fastl\u00e5st i livet? Opplever du stress, h\u00e5pl\u00f8shet eller vanskelige f\u00f8lelser som er tunge \u00e5 b\u00e6re alene? Har du og din partner utfordringer med kommunikasjon, konflikter eller tillidsbrudd? Da kan samtaleterapi eller parterapi v\u00e6re et viktigt skritt mot en bedre hverdag. Jeg er [&hellip;]<\/p>","protected":false},"author":1,"featured_media":0,"parent":0,"menu_order":0,"comment_status":"closed","ping_status":"closed","template":"","meta":{"_et_pb_use_builder":"on","_et_pb_old_content":"<!-- wp:divi\/placeholder \/-->","_et_gb_content_width":"","footnotes":""},"class_list":["post-170","page","type-page","status-publish","hentry"],"_links":{"self":[{"href":"https:\/\/mindsetkristiansand.no\/en\/wp-json\/wp\/v2\/pages\/170","targetHints":{"allow":["GET"]}}],"collection":[{"href":"https:\/\/mindsetkristiansand.no\/en\/wp-json\/wp\/v2\/pages"}],"about":[{"href":"https:\/\/mindsetkristiansand.no\/en\/wp-json\/wp\/v2\/types\/page"}],"author":[{"embeddable":true,"href":"https:\/\/mindsetkristiansand.no\/en\/wp-json\/wp\/v2\/users\/1"}],"replies":[{"embeddable":true,"href":"https:\/\/mindsetkristiansand.no\/en\/wp-json\/wp\/v2\/comments?post=170"}],"version-history":[{"count":19,"href":"https:\/\/mindsetkristiansand.no\/en\/wp-json\/wp\/v2\/pages\/170\/revisions"}],"predecessor-version":[{"id":403,"href":"https:\/\/mindsetkristiansand.no\/en\/wp-json\/wp\/v2\/pages\/170\/revisions\/403"}],"wp:attachment":[{"href":"https:\/\/mindsetkristiansand.no\/en\/wp-json\/wp\/v2\/media?parent=170"}],"curies":[{"name":"wp","href":"https:\/\/api.w.org\/{rel}","templated":true}]}}